{"id":5574,"date":"2021-03-08T07:32:15","date_gmt":"2021-03-08T04:32:15","guid":{"rendered":"https:\/\/mfadanismanlik.com\/iletisim\/"},"modified":"2023-09-13T16:40:19","modified_gmt":"2023-09-13T13:40:19","slug":"contact","status":"publish","type":"page","link":"https:\/\/mfadanismanlik.com\/en\/contact\/","title":{"rendered":"Contact"},"content":{"rendered":"[vc_row full_width=&#8221;stretch_row&#8221; gap=&#8221;0&#8243; css=&#8221;.vc_custom_1686212169316{padding-top: 130px !important;}&#8221;][vc_column]<div class=\"ld-gmap-container ld_google_map_69def25dd7e7d\" id=\"ld_google_map_69def25dd7e7d\" style=\"height: 690px\">\n\n\t<div class=\"ld-gmap\" data-plugin-map=\"true\" data-plugin-options='{\"style\":\"unsaturatedBrowns\",\"address\":\"Mahmutbey, Ta\\u015foca\\u011f\\u0131 Yolu Cad. No:19, 34218 Ba\\u011fc\\u0131lar\\\/\\u0130stanbul\",\"marker\":\"https:\\\/\\\/mfadanismanlik.com\\\/wp-content\\\/plugins\\\/hub-core\\\/assets\\\/img\\\/markers\\\/map-pin.svg\",\"markers\":null,\"map\":{\"zoom\":14,\"mapTypeId\":\"roadmap\",\"fullscreenControl\":true},\"marker_style\":\"html\"}'><\/div>\n\n<\/div>[\/vc_column][\/vc_row][vc_row][vc_column enable_column_shadowbox=&#8221;yes&#8221; enable_content_animation=&#8221;yes&#8221; ca_init_scale_x=&#8221;1&#8243; ca_init_scale_y=&#8221;1&#8243; ca_init_opacity=&#8221;0&#8243; ca_an_scale_x=&#8221;1&#8243; ca_an_scale_y=&#8221;1&#8243; ca_an_opacity=&#8221;1&#8243; column_top_onmobile=&#8221;yes&#8221; ca_init_scale_z=&#8221;1&#8243; ca_an_scale_z=&#8221;1&#8243; responsive_css=&#8221;margin_top_medium:-550px|padding_right_small:45px|padding_left_small:45px&#8221; css=&#8221;.vc_custom_1606394900060{margin-top: 35px !important;padding-top: 45px !important;padding-right: 30px !important;padding-bottom: 45px !important;padding-left: 30px !important;background-color: #ffffff !important;border-radius: 10px !important;}&#8221; offset=&#8221;vc_col-lg-offset-7 vc_col-lg-5 vc_col-md-offset-6 vc_col-md-6&#8243; column_box_shadow=&#8221;%5B%7B%22x_offset%22%3A%2220px%22%2C%22y_offset%22%3A%2240px%22%2C%22blur_radius%22%3A%2260px%22%2C%22shadow_color%22%3A%22rgba(0%2C%200%2C%200%2C%200.1)%22%7D%5D&#8221; ca_duration=&#8221;1800&#8243; ca_delay=&#8221;160&#8243; ca_init_translate_y=&#8221;35&#8243;]<style>.ld_fancy_heading_69def25dd8676 h3 {margin-bottom:1.5em !important;  } .ld_fancy_heading_69def25dd8676 .lqd-highlight-inner{height:0.275em!important;bottom:0px!important;}.ld_fancy_heading_69def25dd8676 h3 {margin-bottom:1.5em !important;  } <\/style><div class=\"ld-fancy-heading ld_fancy_heading_69def25dd8676\">\n\t<h3 class=\"ld-fh-element lqd-highlight-underline lqd-highlight-grow-left text-decoration-default\"   >  Get in Touch<\/h3><\/div><style>.ld_fancy_heading_69def25dd8b10 p {font-size:16px; } .ld_fancy_heading_69def25dd8b10 p {margin-bottom:1.5em !important;  } .ld_fancy_heading_69def25dd8b10 .lqd-highlight-inner{height:0.275em!important;bottom:0px!important;}.ld_fancy_heading_69def25dd8b10 p {font-size:16px; } .ld_fancy_heading_69def25dd8b10 p {margin-bottom:1.5em !important;  } <\/style><div class=\"ld-fancy-heading ld_fancy_heading_69def25dd8b10\">\n\t<p class=\"ld-fh-element lqd-highlight-underline lqd-highlight-grow-left text-decoration-default\"   >  <strong>Address:<\/strong> Mahmutbey Mh. Ta\u015foca\u011f\u0131 Yolu Cd. Balance G\u00fcne\u015fli No: 19\/6 \u0130\u00e7 Kap\u0131 No: 40 Ba\u011fc\u0131lar \/ Istanbul<br \/>\n<strong>E-Mail:<\/strong> <a href=\"mailto:info@mfadanismanlik.com\"><span style=\"color: #003300\">info@mfadanismanlik.com<\/span><\/a><br \/>\n<strong>Phone:<\/strong> <a href=\"tel:+90 212 651 51 02\"><span style=\"color: #003300\">+90 212 651 51 02<\/span><\/a><\/p><\/div><style>.ld_button_69def25dd901c.btn-icon-solid .btn-icon{background:rgba(0, 0, 0, 0.04);}.ld_button_69def25dd901c.btn-icon-circle.btn-icon-ripple .btn-icon:before{border-color:rgba(0, 0, 0, 0.04);}.ld_button_69def25dd901c.btn-icon-solid:hover .btn-icon{background:rgb(0, 0, 0);}.ld_button_69def25dd901c{background-color:rgba(0, 0, 0, 0.04);border-color:rgba(0, 0, 0, 0.04);color:rgb(0, 0, 0);}.ld_button_69def25dd901c:hover{background-color:rgb(0, 0, 0);border-color:rgb(0, 0, 0);color:rgb(255, 255, 255);}.ld_button_69def25dd901c .btn-gradient-bg-hover{background:-webkit-linear-gradient(to right, rgb(0, 0, 0) 0%, rgb(0, 0, 0) 100%);background:linear-gradient(to right, rgb(0, 0, 0) 0%, rgb(0, 0, 0) 100%);}.ld_button_69def25dd901c .btn-gradient-border defs stop:first-child{stop-color:rgba(0, 0, 0, 0.04);}.ld_button_69def25dd901c .btn-gradient-border defs stop:last-child{stop-color:rgba(0, 0, 0, 0.04);}.ld_button_69def25dd901c:hover .btn-gradient-border defs stop:first-child{stop-color:rgb(0, 0, 0);}.ld_button_69def25dd901c:hover .btn-gradient-border defs stop:last-child{stop-color:rgb(0, 0, 0);}.ld_button_69def25dd901c {font-size:15px; } .ld_button_69def25dd901c {line-height:1.25em; } .ld_button_69def25dd901c {--element-line-height:1.25em; } .ld_button_69def25dd901c {font-size:15px; } .ld_button_69def25dd901c {line-height:1.25em; } .ld_button_69def25dd901c {--element-line-height:1.25em; } .ld_button_69def25dd901c {font-size:15px; } .ld_button_69def25dd901c {line-height:1.25em; } .ld_button_69def25dd901c {--element-line-height:1.25em; } <\/style><a href=\"https:\/\/www.google.com\/maps\/dir\/\/Balance+G%C3%BCne%C5%9Fli\/@41.0526714,28.7703744,13z\/data=!4m2!4m1!3e0?entry=ttu\" target=\"_blank\" class=\"btn btn-solid btn-lg circle border-none btn-block btn-has-label ld_button_69def25dd901c\" >\n\t<span>\n\t\t\n\t\t\t\t\t<span class=\"btn-txt\" data-text=\"Directions\" >Directions<\/span>\n\t\t\t\n\t\t\t\t\t<\/span>\n<\/a>\n[\/vc_column][\/vc_row][vc_row enable_content_animation=&#8221;yes&#8221; ca_init_scale_x=&#8221;0.75&#8243; ca_init_scale_y=&#8221;0.75&#8243; ca_init_opacity=&#8221;0&#8243; ca_an_scale_x=&#8221;1&#8243; ca_an_scale_y=&#8221;1&#8243; ca_an_opacity=&#8221;1&#8243; ca_init_scale_z=&#8221;1&#8243; ca_an_scale_z=&#8221;1&#8243; css=&#8221;.vc_custom_1686212229485{padding-top: 60px !important;padding-bottom: 60px !important;}&#8221; ca_duration=&#8221;1800&#8243; ca_start_delay=&#8221;350&#8243; ca_delay=&#8221;180&#8243; ca_init_translate_y=&#8221;80&#8243; ca_init_rotate_x=&#8221;-10&#8243;][vc_column enable_column_shadowbox=&#8221;yes&#8221; css=&#8221;.vc_custom_1573555788144{padding-top: 55px !important;padding-right: 30px !important;padding-bottom: 45px !important;padding-left: 30px !important;background-color: #ffffff !important;border-radius: 10px !important;}&#8221; column_box_shadow=&#8221;%5B%7B%22x_offset%22%3A%220%22%2C%22y_offset%22%3A%2240px%22%2C%22blur_radius%22%3A%2280px%22%2C%22shadow_color%22%3A%22rgba(83%2C%2094%2C%20132%2C%200.15)%22%7D%5D&#8221; responsive_css=&#8221;padding_right_medium:50px|padding_left_medium:50px&#8221; offset=&#8221;vc_col-md-offset-1 vc_col-md-10&#8243;]<div class=\"ld-particles-container lqd-particles-as-bg ld_particles_69def25dd943f\">\n\n\t<div class=\"ld-particles-inner\" id=\"lqd-1573554048121-31dc6376-0c5b\" data-particles=\"true\" data-particles-options='{\"particles\":{\"number\":{\"value\":6},\"color\":{\"value\":\"#f7fbfc\"},\"shape\":{\"type\":[\"circle\",\"image\"],\"image\":{\"src\":\"\",\"width\":110,\"height\":67}},\"move\":{\"enable\":true,\"direction\":\"right\",\"speed\":2,\"random\":true,\"out_mode\":\"out\"}},\"interactivity\":[],\"asBG\":true}'><\/div>\t\n\n<\/div><!-- \/.particles --><div class=\"ld-particles-container lqd-particles-as-bg ld_particles_69def25dd9b25\">\n\n\t<div class=\"ld-particles-inner\" id=\"lqd-1573554253946-fc704951-b3d8\" data-particles=\"true\" data-particles-options='{\"particles\":{\"number\":{\"value\":4},\"color\":{\"value\":[\"#fdc14c\",\"#fda44c\",\"#0fbbb4\",\"#4cfd89\"]},\"shape\":{\"type\":[\"circle\"]},\"size\":{\"value\":4},\"move\":{\"enable\":true,\"direction\":\"right\",\"speed\":1.25,\"random\":true,\"out_mode\":\"out\"}},\"interactivity\":[],\"asBG\":true}'><\/div>\t\n\n<\/div><!-- \/.particles -->[vc_row_inner content_placement=&#8221;middle&#8221;][vc_column_inner width=&#8221;1\/2&#8243;]<style>.ld_fancy_heading_69def25dd9f13 h2 {font-size:30px; } .ld_fancy_heading_69def25dd9f13 .lqd-highlight-inner{height:0.275em!important;bottom:0px!important;}.ld_fancy_heading_69def25dd9f13 h2 {font-size:30px; } <\/style><div class=\"ld-fancy-heading ld_fancy_heading_69def25dd9f13\">\n\t<h2 class=\"ld-fh-element lqd-highlight-underline lqd-highlight-grow-left text-decoration-default\"   >  Write Us<\/h2><\/div>[\/vc_column_inner][vc_column_inner width=&#8221;1\/2&#8243; responsive_align=&#8221;text-sm-right&#8221;][vc_column_text css=&#8221;.vc_custom_1688149724270{margin-bottom: 0.5em !important;}&#8221;]<span style=\"font-size: 12px; color: rgba(0,0,0,0.75);\">Consultancy Line<\/span><br \/>\n<strong><span style=\"color: var(--color-primary); font-size: 15px;\"><i class=\"fa fa-phone\"><\/i>+90 212 651 51 02<\/span><\/strong>[\/vc_column_text][\/vc_column_inner][vc_column_inner css=&#8221;.vc_custom_1573555750233{margin-top: 15px !important;}&#8221;]<style>.ld_cf7_69def25dda30a input, .ld_cf7_69def25dda30a select, .ld_cf7_69def25dda30a textarea, .ld_cf7_69def25dda30a .ui-button.ui-selectmenu-button, .ld_cf7_69def25dda30a .wpcf7-form-control-wrap > i, .ld_cf7_69def25dda30a .wpcf7-radio{color:rgb(54, 54, 59);}<\/style><div id=\"ld_cf7_69def25dda30a\" class=\"lqd-contact-form lqd-contact-form-inputs-underlined lqd-contact-form-button-circle ld_cf7_69def25dda30a\">\n\t\n<div class=\"wpcf7 no-js\" id=\"wpcf7-f5587-o1\" lang=\"en-GB\" dir=\"ltr\">\n<div class=\"screen-reader-response\"><p role=\"status\" aria-live=\"polite\" aria-atomic=\"true\"><\/p> <ul><\/ul><\/div>\n<form action=\"\/en\/wp-json\/wp\/v2\/pages\/5574#wpcf7-f5587-o1\" method=\"post\" class=\"wpcf7-form init\" aria-label=\"Contact form\" novalidate=\"novalidate\" data-status=\"init\">\n<div style=\"display: none;\">\n<input type=\"hidden\" name=\"_wpcf7\" value=\"5587\" \/>\n<input type=\"hidden\" name=\"_wpcf7_version\" value=\"5.9.3\" \/>\n<input type=\"hidden\" name=\"_wpcf7_locale\" value=\"en_GB\" \/>\n<input type=\"hidden\" name=\"_wpcf7_unit_tag\" value=\"wpcf7-f5587-o1\" \/>\n<input type=\"hidden\" name=\"_wpcf7_container_post\" value=\"0\" \/>\n<input type=\"hidden\" name=\"_wpcf7_posted_data_hash\" value=\"\" \/>\n<\/div>\n<div class=\"row\">\n\t<div class=\"col-md-6\">\n\t\t<p><span class=\"wpcf7-form-control-wrap\" data-name=\"text-254\"><input size=\"40\" class=\"wpcf7-form-control wpcf7-text wpcf7-validates-as-required\" aria-required=\"true\" aria-invalid=\"false\" placeholder=\"Name Surname\" value=\"\" type=\"text\" name=\"text-254\" \/><\/span><span class=\"wpcf7-form-control-wrap\" data-name=\"email-384\"><input size=\"40\" class=\"wpcf7-form-control wpcf7-email wpcf7-validates-as-required wpcf7-text wpcf7-validates-as-email\" aria-required=\"true\" aria-invalid=\"false\" placeholder=\"E-Mail\" value=\"\" type=\"email\" name=\"email-384\" \/><\/span><span class=\"wpcf7-form-control-wrap\" data-name=\"text-254\"><input size=\"40\" class=\"wpcf7-form-control wpcf7-text wpcf7-validates-as-required\" aria-required=\"true\" aria-invalid=\"false\" value=\"Subject\" type=\"text\" name=\"text-254\" \/><\/span>\n\t\t<\/p>\n\t<\/div>\n\t<div class=\"col-md-6\">\n\t\t<p><span class=\"wpcf7-form-control-wrap\" data-name=\"textarea-595\"><textarea cols=\"10\" rows=\"6\" class=\"wpcf7-form-control wpcf7-textarea wpcf7-validates-as-required\" aria-required=\"true\" aria-invalid=\"false\" placeholder=\"Your Message\" name=\"textarea-595\"><\/textarea><\/span>\n\t\t<\/p>\n\t<\/div>\n\t<div class=\"col-md-6 mt-4\">\n\t\t<p><span class=\"wpcf7-form-control-wrap\" data-name=\"acceptance-710\"><span class=\"wpcf7-form-control wpcf7-acceptance optional\"><span class=\"wpcf7-list-item\"><label><input type=\"checkbox\" name=\"acceptance-710\" value=\"1\" aria-invalid=\"false\" \/><span class=\"wpcf7-list-item-label\">I want to receive commercial electronic messages from MFA and for this purpose, I consent to the processing of my personal data and sharing it with the suppliers that are supported.<\/span><\/label><\/span><\/span><\/span>\n\t\t<\/p>\n\t<\/div>\n\t<div class=\"col-md-6 mt-4 text-md-right\">\n\t\t<p><input class=\"wpcf7-form-control wpcf7-submit has-spinner\" type=\"submit\" value=\"Send\" \/>\n\t\t<\/p>\n\t<\/div>\n<\/div><div class=\"wpcf7-response-output\" aria-hidden=\"true\"><\/div>\n<\/form>\n<\/div>\n<\/div>[\/vc_column_inner][\/vc_row_inner][\/vc_column][\/vc_row]\n","protected":false},"excerpt":{"rendered":"<p>[vc_row full_width=&#8221;stretch_row&#8221; gap=&#8221;0&#8243; css=&#8221;.vc_custom_1686212169316{padding-top: 130px !important;}&#8221;][vc_column][\/vc_column][\/vc_row][vc_row][vc_column enable_column_shadowbox=&#8221;yes&#8221; enable_content_animation=&#8221;yes&#8221; ca_init_scale_x=&#8221;1&#8243; ca_init_scale_y=&#8221;1&#8243; ca_init_opacity=&#8221;0&#8243; ca_an_scale_x=&#8221;1&#8243; ca_an_scale_y=&#8221;1&#8243; ca_an_opacity=&#8221;1&#8243; column_top_onmobile=&#8221;yes&#8221; ca_init_scale_z=&#8221;1&#8243; ca_an_scale_z=&#8221;1&#8243; responsive_css=&#8221;margin_top_medium:-550px|padding_right_small:45px|padding_left_small:45px&#8221; css=&#8221;.vc_custom_1606394900060{margin-top: 35px !important;padding-top: 45px !important;padding-right: 30px !important;padding-bottom: 45px !important;padding-left: 30px !important;background-color: #ffffff !important;border-radius: 10px !important;}&#8221; offset=&#8221;vc_col-lg-offset-7 vc_col-lg-5 vc_col-md-offset-6 vc_col-md-6&#8243; column_box_shadow=&#8221;%5B%7B%22x_offset%22%3A%2220px%22%2C%22y_offset%22%3A%2240px%22%2C%22blur_radius%22%3A%2260px%22%2C%22shadow_color%22%3A%22rgba(0%2C%200%2C%200%2C%200.1)%22%7D%5D&#8221; ca_duration=&#8221;1800&#8243; ca_delay=&#8221;160&#8243; ca_init_translate_y=&#8221;35&#8243;][\/vc_column][\/vc_row][vc_row enable_content_animation=&#8221;yes&#8221; ca_init_scale_x=&#8221;0.75&#8243; ca_init_scale_y=&#8221;0.75&#8243; ca_init_opacity=&#8221;0&#8243; ca_an_scale_x=&#8221;1&#8243; ca_an_scale_y=&#8221;1&#8243; ca_an_opacity=&#8221;1&#8243; ca_init_scale_z=&#8221;1&#8243; ca_an_scale_z=&#8221;1&#8243; css=&#8221;.vc_custom_1686212229485{padding-top: 60px !important;padding-bottom: 60px !important;}&#8221; [&hellip;]<\/p>\n","protected":false},"author":1,"featured_media":0,"parent":0,"menu_order":0,"comment_status":"closed","ping_status":"closed","template":"","meta":{"footnotes":""},"class_list":["post-5574","page","type-page","status-publish","hentry"],"_links":{"self":[{"href":"https:\/\/mfadanismanlik.com\/en\/wp-json\/wp\/v2\/pages\/5574","targetHints":{"allow":["GET"]}}],"collection":[{"href":"https:\/\/mfadanismanlik.com\/en\/wp-json\/wp\/v2\/pages"}],"about":[{"href":"https:\/\/mfadanismanlik.com\/en\/wp-json\/wp\/v2\/types\/page"}],"author":[{"embeddable":true,"href":"https:\/\/mfadanismanlik.com\/en\/wp-json\/wp\/v2\/users\/1"}],"replies":[{"embeddable":true,"href":"https:\/\/mfadanismanlik.com\/en\/wp-json\/wp\/v2\/comments?post=5574"}],"version-history":[{"count":5,"href":"https:\/\/mfadanismanlik.com\/en\/wp-json\/wp\/v2\/pages\/5574\/revisions"}],"predecessor-version":[{"id":5770,"href":"https:\/\/mfadanismanlik.com\/en\/wp-json\/wp\/v2\/pages\/5574\/revisions\/5770"}],"wp:attachment":[{"href":"https:\/\/mfadanismanlik.com\/en\/wp-json\/wp\/v2\/media?parent=5574"}],"curies":[{"name":"wp","href":"https:\/\/api.w.org\/{rel}","templated":true}]}}